{"id":810,"date":"2025-05-27T14:52:38","date_gmt":"2025-05-27T12:52:38","guid":{"rendered":"https:\/\/site.rivesaline.fr\/?page_id=810"},"modified":"2025-07-09T11:43:19","modified_gmt":"2025-07-09T09:43:19","slug":"fleur-de-sel-de-lile-de-re","status":"publish","type":"page","link":"https:\/\/site.rivesaline.fr\/?page_id=810","title":{"rendered":"Fleur de sel de l\u2019\u00eele de R\u00e9"},"content":{"rendered":"\t\t<div data-elementor-type=\"wp-page\" data-elementor-id=\"810\" class=\"elementor elementor-810\" data-elementor-settings=\"{&quot;ha_cmc_init_switcher&quot;:&quot;no&quot;}\">\n\t\t\t\t<div class=\"elementor-element elementor-element-475560c e-flex e-con-boxed e-con e-parent\" data-id=\"475560c\" data-element_type=\"container\" data-settings=\"{&quot;_ha_eqh_enable&quot;:false}\">\n\t\t\t\t\t<div class=\"e-con-inner\">\n\t\t\t\t<div class=\"elementor-element elementor-element-9462f54 elementor-widget elementor-widget-text-editor\" data-id=\"9462f54\" data-element_type=\"widget\" data-widget_type=\"text-editor.default\">\n\t\t\t\t<div class=\"elementor-widget-container\">\n\t\t\t\t\t\t\t\t\t<p>La fleur de sel a naturellement une odeur qui rappelle la violette. Pour \u00eatre utilis\u00e9e, elle doit contenir moins de 5 % d\u2019humidit\u00e9. Si elle est s\u00e9ch\u00e9e gr\u00e2ce \u00e0 un apport d\u2019\u00e9nergie ext\u00e9rieur comme c\u2019est le cas dans beaucoup d\u2019ateliers, elle perd son parfum.<\/p>\n<p>Chez nous, c\u2019est s\u00e9chage solaire obligatoire! Nous \u00e9talons la fleur de sel sur des tables en filet \u00e0 l\u2019ext\u00e9rieur les jours de belle m\u00e9t\u00e9o. L\u2019humidit\u00e9 r\u00e9siduelle peut varier d\u2019un lot \u00e0 l\u2019autre du fait des conditions climatiques, c\u2019est un inconv\u00e9nient. L\u2019avantage, c\u2019est que le soleil fixe les ar\u00f4mes.<br><span style=\"font-size: 15px;\"><br>Comme le gros sel, notre fleur de sel b\u00e9n\u00e9ficie d\u2019une tra\u00e7abilit\u00e9 parfaite.<\/span><\/p>\n<p>Usage de la Fleur de sel &#8211; rappel : la force de la fleur de sel est son cristal l\u00e9ger et croustillant. Il ne faut pas la dissoudre ni la moudre. Elle est \u00e0 utiliser partout o\u00f9 l\u2019on va la croquer, le plus souvent \u00e0 table. Cela dit, elle peut \u00eatre un ingr\u00e9dient redoutable dans certaines situations : entre les plis dans une p\u00e2te feuillet\u00e9e, sur le dessus des cookies quand ils sont form\u00e9s, incorpor\u00e9e au dernier moment dans un pain de poisson ou une mousse de l\u00e9gume.<\/p>\n<p>Atout Gastronomique<br>Avec sa texture d\u00e9licate et son croquant unique, la fleur de sel est parfaite en touche finale :<br>Sublime viandes, poissons et l\u00e9gumes, en apportant une note de saveur intense.<br>Rehausse les p\u00e2tisseries, cr\u00e9ant une harmonie sucr\u00e9-sal\u00e9 dans les desserts comme les cookies ou le chocolat.<br>Apporte du croquant dans les p\u00e2tes feuillet\u00e9es ou les \u00e9mulsions.<\/p>\n<p>Atout Nutritionnel<br>Tout en apportant des saveurs raffin\u00e9es la fleur de sel est riche en min\u00e9raux et oligo-\u00e9l\u00e9ments.<br>Disponible en 20 g, 125 g et 250 g, elle est l\u2019alli\u00e9e des gourmets \u00e0 la recherche d\u2019authenticit\u00e9.<\/p>\t\t\t\t\t\t\t\t<\/div>\n\t\t\t\t<\/div>\n\t\t\t\t\t<\/div>\n\t\t\t\t<\/div>\n\t\t\t\t<\/div>\n\t\t","protected":false},"excerpt":{"rendered":"<p>La fleur de sel a naturellement une odeur qui rappelle la violette. Pour \u00eatre utilis\u00e9e, elle doit contenir moins de 5 % d\u2019humidit\u00e9. Si elle est s\u00e9ch\u00e9e gr\u00e2ce \u00e0 un apport d\u2019\u00e9nergie ext\u00e9rieur comme c\u2019est le cas dans beaucoup d\u2019ateliers, elle perd son parfum. Chez nous, c\u2019est s\u00e9chage solaire obligatoire! Nous \u00e9talons la fleur de [&hellip;]<\/p>\n","protected":false},"author":1,"featured_media":0,"parent":0,"menu_order":0,"comment_status":"closed","ping_status":"closed","template":"","meta":{"ocean_post_layout":"","ocean_both_sidebars_style":"","ocean_both_sidebars_content_width":0,"ocean_both_sidebars_sidebars_width":0,"ocean_sidebar":"","ocean_second_sidebar":"","ocean_disable_margins":"enable","ocean_add_body_class":"","ocean_shortcode_before_top_bar":"","ocean_shortcode_after_top_bar":"","ocean_shortcode_before_header":"","ocean_shortcode_after_header":"","ocean_has_shortcode":"","ocean_shortcode_after_title":"","ocean_shortcode_before_footer_widgets":"","ocean_shortcode_after_footer_widgets":"","ocean_shortcode_before_footer_bottom":"","ocean_shortcode_after_footer_bottom":"","ocean_display_top_bar":"default","ocean_display_header":"default","ocean_header_style":"","ocean_center_header_left_menu":"","ocean_custom_header_template":"","ocean_custom_logo":0,"ocean_custom_retina_logo":0,"ocean_custom_logo_max_width":0,"ocean_custom_logo_tablet_max_width":0,"ocean_custom_logo_mobile_max_width":0,"ocean_custom_logo_max_height":0,"ocean_custom_logo_tablet_max_height":0,"ocean_custom_logo_mobile_max_height":0,"ocean_header_custom_menu":"","ocean_menu_typo_font_family":"","ocean_menu_typo_font_subset":"","ocean_menu_typo_font_size":0,"ocean_menu_typo_font_size_tablet":0,"ocean_menu_typo_font_size_mobile":0,"ocean_menu_typo_font_size_unit":"px","ocean_menu_typo_font_weight":"","ocean_menu_typo_font_weight_tablet":"","ocean_menu_typo_font_weight_mobile":"","ocean_menu_typo_transform":"","ocean_menu_typo_transform_tablet":"","ocean_menu_typo_transform_mobile":"","ocean_menu_typo_line_height":0,"ocean_menu_typo_line_height_tablet":0,"ocean_menu_typo_line_height_mobile":0,"ocean_menu_typo_line_height_unit":"","ocean_menu_typo_spacing":0,"ocean_menu_typo_spacing_tablet":0,"ocean_menu_typo_spacing_mobile":0,"ocean_menu_typo_spacing_unit":"","ocean_menu_link_color":"","ocean_menu_link_color_hover":"","ocean_menu_link_color_active":"","ocean_menu_link_background":"","ocean_menu_link_hover_background":"","ocean_menu_link_active_background":"","ocean_menu_social_links_bg":"","ocean_menu_social_hover_links_bg":"","ocean_menu_social_links_color":"","ocean_menu_social_hover_links_color":"","ocean_disable_title":"default","ocean_disable_heading":"default","ocean_post_title":"","ocean_post_subheading":"","ocean_post_title_style":"","ocean_post_title_background_color":"","ocean_post_title_background":0,"ocean_post_title_bg_image_position":"","ocean_post_title_bg_image_attachment":"","ocean_post_title_bg_image_repeat":"","ocean_post_title_bg_image_size":"","ocean_post_title_height":0,"ocean_post_title_bg_overlay":0.5,"ocean_post_title_bg_overlay_color":"","ocean_disable_breadcrumbs":"default","ocean_breadcrumbs_color":"","ocean_breadcrumbs_separator_color":"","ocean_breadcrumbs_links_color":"","ocean_breadcrumbs_links_hover_color":"","ocean_display_footer_widgets":"default","ocean_display_footer_bottom":"default","ocean_custom_footer_template":"","osh_disable_topbar_sticky":"default","osh_disable_header_sticky":"default","osh_sticky_header_style":"default","osh_sticky_header_effect":"","osh_custom_sticky_logo":0,"osh_custom_retina_sticky_logo":0,"osh_custom_sticky_logo_height":0,"osh_background_color":"","osh_links_color":"","osh_links_hover_color":"","osh_links_active_color":"","osh_links_bg_color":"","osh_links_hover_bg_color":"","osh_links_active_bg_color":"","osh_menu_social_links_color":"","osh_menu_social_hover_links_color":"","footnotes":""},"class_list":["post-810","page","type-page","status-publish","hentry","entry"],"_links":{"self":[{"href":"https:\/\/site.rivesaline.fr\/index.php?rest_route=\/wp\/v2\/pages\/810","targetHints":{"allow":["GET"]}}],"collection":[{"href":"https:\/\/site.rivesaline.fr\/index.php?rest_route=\/wp\/v2\/pages"}],"about":[{"href":"https:\/\/site.rivesaline.fr\/index.php?rest_route=\/wp\/v2\/types\/page"}],"author":[{"embeddable":true,"href":"https:\/\/site.rivesaline.fr\/index.php?rest_route=\/wp\/v2\/users\/1"}],"replies":[{"embeddable":true,"href":"https:\/\/site.rivesaline.fr\/index.php?rest_route=%2Fwp%2Fv2%2Fcomments&post=810"}],"version-history":[{"count":7,"href":"https:\/\/site.rivesaline.fr\/index.php?rest_route=\/wp\/v2\/pages\/810\/revisions"}],"predecessor-version":[{"id":1051,"href":"https:\/\/site.rivesaline.fr\/index.php?rest_route=\/wp\/v2\/pages\/810\/revisions\/1051"}],"wp:attachment":[{"href":"https:\/\/site.rivesaline.fr\/index.php?rest_route=%2Fwp%2Fv2%2Fmedia&parent=810"}],"curies":[{"name":"wp","href":"https:\/\/api.w.org\/{rel}","templated":true}]}}