{"id":772,"date":"2025-05-27T14:37:21","date_gmt":"2025-05-27T12:37:21","guid":{"rendered":"https:\/\/site.rivesaline.fr\/?page_id=772"},"modified":"2025-07-09T11:45:56","modified_gmt":"2025-07-09T09:45:56","slug":"sel-de-lile-de-re","status":"publish","type":"page","link":"https:\/\/site.rivesaline.fr\/?page_id=772","title":{"rendered":"Gros sel &amp; sel fin de l&rsquo;Ile de R\u00e9"},"content":{"rendered":"\t\t<div data-elementor-type=\"wp-page\" data-elementor-id=\"772\" class=\"elementor elementor-772\" data-elementor-settings=\"{&quot;ha_cmc_init_switcher&quot;:&quot;no&quot;}\">\n\t\t\t\t<div class=\"elementor-element elementor-element-77674bc4 e-flex e-con-boxed e-con e-parent\" data-id=\"77674bc4\" data-element_type=\"container\" data-settings=\"{&quot;_ha_eqh_enable&quot;:false}\">\n\t\t\t\t\t<div class=\"e-con-inner\">\n\t\t\t\t<div class=\"elementor-element elementor-element-604728db elementor-widget elementor-widget-text-editor\" data-id=\"604728db\" data-element_type=\"widget\" data-widget_type=\"text-editor.default\">\n\t\t\t\t<div class=\"elementor-widget-container\">\n\t\t\t\t\t\t\t\t\tSel de l\u2019\u00cele de R\u00e9, gros sel ou sel gris : ce sont des cristaux de chlorure de sodium cubiques, translucides avec une \u00e9toile \u00e0 quatre branches au milieu, magnifique ! Ils sont libres ou agglom\u00e9r\u00e9s en petites grappes. Ils cristallisent sur le fond en argile des aires saunantes. Le sel de l\u2019\u00cele de R\u00e9 est gris parce qu&rsquo;une petite quantit\u00e9 d\u2019argile vient avec le sel lors de la r\u00e9colte. Les cristaux de gros sel sont durs et denses. Sauf cas particuliers, le sel de l\u2019Ile de R\u00e9 est juste \u00e9goutt\u00e9 pour que son humidit\u00e9 soit inf\u00e9rieure \u00e0 10 %.\n\nChez Rivesaline, nous stockons le sel de l\u2019\u00cele de R\u00e9 en big bag d\u00e8s la r\u00e9colte. Chaque big bag fait l\u2019objet d\u2019une fiche de tra\u00e7abilit\u00e9 li\u00e9e au num\u00e9ro de lot des produits finis. Du marais jusqu\u2019au \u00e0 votre cuisine, nous savons quel jour il a \u00e9t\u00e9 r\u00e9colt\u00e9, sur quel marais et par qui!\n\nA la r\u00e9colte, la qualit\u00e9 de chaque big bag est identifi\u00e9e: agricole, primeur (+ de calcium), qualit\u00e9 inf\u00e9rieure, qualit\u00e9 sup\u00e9rieure, sel de fin de saison (+ de magn\u00e9sium). Chaque utilisation se voit attribuer le sel le plus adapt\u00e9.\n\nQuel sel pour quel usage ? rappel\n\nGros sel : il faut l\u2019utiliser en cuisine partout o\u00f9 il se dissoudra. Par exemple dans l\u2019eau de cuisson des p\u00e2tes, dans les courts bouillons, les poissons en papillotes\u2026\n\nSel fin : le sel fin est \u00e0 utiliser en cuisine partout ou le gros sel ne se dissoudrait pas ou mal, comme entre les couches de lasagnes, la pinc\u00e9e dans la p\u00e2te \u00e0 cr\u00eape\u2026\n\nAtout Gastronomique\n\nGros Sel : Parfait pour saler l\u2019eau de cuisson, les marinades et pour ajouter une touche de saveur aux viandes et poissons.\n\nSel Fin : Id\u00e9al pour assaisonner vos plats, il se dissout rapidement tout en offrant un go\u00fbt pur et d\u00e9licat.\nLes deux sels sont con\u00e7us pour rehausser les saveurs naturelles de vos pr\u00e9parations.\n\nAtout Nutritionnel\nRiche en min\u00e9raux et oligo-\u00e9l\u00e9ments, le gros sel et le sel fin pr\u00e9servent un go\u00fbt authentique et naturel.\t\t\t\t\t\t\t\t<\/div>\n\t\t\t\t<\/div>\n\t\t\t\t\t<\/div>\n\t\t\t\t<\/div>\n\t\t\t\t<\/div>\n\t\t","protected":false},"excerpt":{"rendered":"<p>Sel de l\u2019\u00cele de R\u00e9, gros sel ou sel gris : ce sont des cristaux de chlorure de sodium cubiques, translucides avec une \u00e9toile \u00e0 quatre branches au milieu, magnifique ! Ils sont libres ou agglom\u00e9r\u00e9s en petites grappes. Ils cristallisent sur le fond en argile des aires saunantes. Le sel de l\u2019\u00cele de R\u00e9 [&hellip;]<\/p>\n","protected":false},"author":1,"featured_media":0,"parent":0,"menu_order":0,"comment_status":"closed","ping_status":"closed","template":"","meta":{"ocean_post_layout":"","ocean_both_sidebars_style":"","ocean_both_sidebars_content_width":0,"ocean_both_sidebars_sidebars_width":0,"ocean_sidebar":"","ocean_second_sidebar":"","ocean_disable_margins":"enable","ocean_add_body_class":"","ocean_shortcode_before_top_bar":"","ocean_shortcode_after_top_bar":"","ocean_shortcode_before_header":"","ocean_shortcode_after_header":"","ocean_has_shortcode":"","ocean_shortcode_after_title":"","ocean_shortcode_before_footer_widgets":"","ocean_shortcode_after_footer_widgets":"","ocean_shortcode_before_footer_bottom":"","ocean_shortcode_after_footer_bottom":"","ocean_display_top_bar":"default","ocean_display_header":"default","ocean_header_style":"","ocean_center_header_left_menu":"","ocean_custom_header_template":"","ocean_custom_logo":0,"ocean_custom_retina_logo":0,"ocean_custom_logo_max_width":0,"ocean_custom_logo_tablet_max_width":0,"ocean_custom_logo_mobile_max_width":0,"ocean_custom_logo_max_height":0,"ocean_custom_logo_tablet_max_height":0,"ocean_custom_logo_mobile_max_height":0,"ocean_header_custom_menu":"","ocean_menu_typo_font_family":"","ocean_menu_typo_font_subset":"","ocean_menu_typo_font_size":0,"ocean_menu_typo_font_size_tablet":0,"ocean_menu_typo_font_size_mobile":0,"ocean_menu_typo_font_size_unit":"px","ocean_menu_typo_font_weight":"","ocean_menu_typo_font_weight_tablet":"","ocean_menu_typo_font_weight_mobile":"","ocean_menu_typo_transform":"","ocean_menu_typo_transform_tablet":"","ocean_menu_typo_transform_mobile":"","ocean_menu_typo_line_height":0,"ocean_menu_typo_line_height_tablet":0,"ocean_menu_typo_line_height_mobile":0,"ocean_menu_typo_line_height_unit":"","ocean_menu_typo_spacing":0,"ocean_menu_typo_spacing_tablet":0,"ocean_menu_typo_spacing_mobile":0,"ocean_menu_typo_spacing_unit":"","ocean_menu_link_color":"","ocean_menu_link_color_hover":"","ocean_menu_link_color_active":"","ocean_menu_link_background":"","ocean_menu_link_hover_background":"","ocean_menu_link_active_background":"","ocean_menu_social_links_bg":"","ocean_menu_social_hover_links_bg":"","ocean_menu_social_links_color":"","ocean_menu_social_hover_links_color":"","ocean_disable_title":"default","ocean_disable_heading":"default","ocean_post_title":"","ocean_post_subheading":"","ocean_post_title_style":"","ocean_post_title_background_color":"","ocean_post_title_background":0,"ocean_post_title_bg_image_position":"","ocean_post_title_bg_image_attachment":"","ocean_post_title_bg_image_repeat":"","ocean_post_title_bg_image_size":"","ocean_post_title_height":0,"ocean_post_title_bg_overlay":0.5,"ocean_post_title_bg_overlay_color":"","ocean_disable_breadcrumbs":"default","ocean_breadcrumbs_color":"","ocean_breadcrumbs_separator_color":"","ocean_breadcrumbs_links_color":"","ocean_breadcrumbs_links_hover_color":"","ocean_display_footer_widgets":"default","ocean_display_footer_bottom":"default","ocean_custom_footer_template":"","osh_disable_topbar_sticky":"default","osh_disable_header_sticky":"default","osh_sticky_header_style":"default","osh_sticky_header_effect":"","osh_custom_sticky_logo":0,"osh_custom_retina_sticky_logo":0,"osh_custom_sticky_logo_height":0,"osh_background_color":"","osh_links_color":"","osh_links_hover_color":"","osh_links_active_color":"","osh_links_bg_color":"","osh_links_hover_bg_color":"","osh_links_active_bg_color":"","osh_menu_social_links_color":"","osh_menu_social_hover_links_color":"","footnotes":""},"class_list":["post-772","page","type-page","status-publish","hentry","entry"],"_links":{"self":[{"href":"https:\/\/site.rivesaline.fr\/index.php?rest_route=\/wp\/v2\/pages\/772","targetHints":{"allow":["GET"]}}],"collection":[{"href":"https:\/\/site.rivesaline.fr\/index.php?rest_route=\/wp\/v2\/pages"}],"about":[{"href":"https:\/\/site.rivesaline.fr\/index.php?rest_route=\/wp\/v2\/types\/page"}],"author":[{"embeddable":true,"href":"https:\/\/site.rivesaline.fr\/index.php?rest_route=\/wp\/v2\/users\/1"}],"replies":[{"embeddable":true,"href":"https:\/\/site.rivesaline.fr\/index.php?rest_route=%2Fwp%2Fv2%2Fcomments&post=772"}],"version-history":[{"count":8,"href":"https:\/\/site.rivesaline.fr\/index.php?rest_route=\/wp\/v2\/pages\/772\/revisions"}],"predecessor-version":[{"id":1054,"href":"https:\/\/site.rivesaline.fr\/index.php?rest_route=\/wp\/v2\/pages\/772\/revisions\/1054"}],"wp:attachment":[{"href":"https:\/\/site.rivesaline.fr\/index.php?rest_route=%2Fwp%2Fv2%2Fmedia&parent=772"}],"curies":[{"name":"wp","href":"https:\/\/api.w.org\/{rel}","templated":true}]}}